{"id":176,"date":"2020-08-10T07:56:48","date_gmt":"2020-08-10T07:56:48","guid":{"rendered":"http:\/\/hellelundgreen.dk\/?page_id=176"},"modified":"2020-08-31T12:55:05","modified_gmt":"2020-08-31T12:55:05","slug":"gdpr-sikker-opbevaring-af-personfoelsomme-oplysninger","status":"publish","type":"page","link":"https:\/\/hellelundgreen.dk\/?page_id=176","title":{"rendered":"GDPR &#8211; opbevaring af personf\u00f8lsomme oplysninger"},"content":{"rendered":"\n<p><br>Din sag fra kommune eller pensionsselskab indhenter du selv og sender til mig via Postnord. Jeg vil ikke anbefale, at du sender fortrolige oplysninger via mail, men hvis du v\u00e6lger at g\u00f8re det alligevel, s\u00f8rger jeg for at gemme oplysninger p\u00e5 et sikkert drev.<\/p>\n\n\n\n<p>For at kunne behandle din sag, vil jeg opbevare f\u00f8lgende:<br>Cpr. nummer, k\u00f8n, f\u00f8dsels\u00e5r, navn, adresse, e-mailadresse, telefonnummer, helbredsoplysninger, uddannelsesniveau og besk\u00e6ftigelsesstatus og -erfaring. Alle helbredsoplysninger vil blive slettet ved sagens afslutning efter n\u00e6rmere aftale. Kontaktoplysningerne gemmes i op til et \u00e5r efter sagens afslutning.<\/p>\n\n\n\n<p>Inden jeg starter sin sag op, vil jeg sende dig en samtykkeerkl\u00e6ring, her vil bl.a. st\u00e5 f\u00f8lgende:<\/p>\n\n\n\n<p>Jeg bekr\u00e6fter ved min underskrift p\u00e5 denne erkl\u00e6ring, at:<\/p>\n\n\n\n<ul class=\"wp-block-list\"><li>Jeg er indforst\u00e5et med, at de n\u00e6vnte databehandlere registrerer og behandler personoplysninger om mig i forbindelse med behandlingen af min sag.<\/li><li>Jeg er oplyst om, at jeg kan klage over behandling af personoplysninger hos Datatilsynet, Borgergade 28, 1300 K\u00f8benhavn K, tlf.: 33193200, eller via mail: dt@datatilsynet.dk.<\/li><li>Jeg er indforst\u00e5et med, at det er frivilligt at underskrive denne samtykkeerkl\u00e6ring. Jeg kan til enhver tid tilbagekalde mit samtykke.<\/li><li>At jeg giver samtykke til at n\u00e6vnte databehandler, m\u00e5 modtage og videregive personlige og helbredsoplysninger med bop\u00e6lskommunen og undertegnedes pensions- og forsikringsselskab\/er.<\/li><li><strong>Jeg er bekendt med, at alle r\u00e5d og vejledning givet af databehandler kun er vejledende og kan ikke stilles til ansvar for afg\u00f8relser truffet af tredjepart, og kun bop\u00e6lskommunen, forsikringsselskabet og evt. andre myndigheder har den endelige myndighed til at tr\u00e6ffe en endelig afg\u00f8relse.<\/strong><\/li><li>Hvis der sker et brud p\u00e5 datasikkerheden, vil databehandler kontakte Datatilsynet senest 72 timer efter at bruddet er konstateret.<\/li><\/ul>\n\n\n\n<p><br><\/p>\n\n\n\n<p><\/p>\n","protected":false},"excerpt":{"rendered":"<p>Din sag fra kommune eller pensionsselskab indhenter du selv og sender til mig via Postnord. Jeg vil ikke anbefale, at du sender fortrolige oplysninger via mail, men hvis du v\u00e6lger at g\u00f8re det alligevel, s\u00f8rger jeg for at gemme oplysninger p\u00e5 et sikkert drev. For at kunne behandle din sag, vil jeg opbevare f\u00f8lgende:Cpr. nummer, &hellip; <\/p>\n<p class=\"link-more\"><a href=\"https:\/\/hellelundgreen.dk\/?page_id=176\" class=\"more-link\">L\u00e6s videre<span class=\"screen-reader-text\"> &#8220;GDPR &#8211; opbevaring af personf\u00f8lsomme oplysninger&#8221;<\/span><\/a><\/p>\n","protected":false},"author":1,"featured_media":0,"parent":0,"menu_order":0,"comment_status":"closed","ping_status":"closed","template":"","meta":{"footnotes":""},"class_list":["post-176","page","type-page","status-publish","hentry"],"_links":{"self":[{"href":"https:\/\/hellelundgreen.dk\/index.php?rest_route=\/wp\/v2\/pages\/176","targetHints":{"allow":["GET"]}}],"collection":[{"href":"https:\/\/hellelundgreen.dk\/index.php?rest_route=\/wp\/v2\/pages"}],"about":[{"href":"https:\/\/hellelundgreen.dk\/index.php?rest_route=\/wp\/v2\/types\/page"}],"author":[{"embeddable":true,"href":"https:\/\/hellelundgreen.dk\/index.php?rest_route=\/wp\/v2\/users\/1"}],"replies":[{"embeddable":true,"href":"https:\/\/hellelundgreen.dk\/index.php?rest_route=%2Fwp%2Fv2%2Fcomments&post=176"}],"version-history":[{"count":4,"href":"https:\/\/hellelundgreen.dk\/index.php?rest_route=\/wp\/v2\/pages\/176\/revisions"}],"predecessor-version":[{"id":205,"href":"https:\/\/hellelundgreen.dk\/index.php?rest_route=\/wp\/v2\/pages\/176\/revisions\/205"}],"wp:attachment":[{"href":"https:\/\/hellelundgreen.dk\/index.php?rest_route=%2Fwp%2Fv2%2Fmedia&parent=176"}],"curies":[{"name":"wp","href":"https:\/\/api.w.org\/{rel}","templated":true}]}}