{"id":6,"date":"2020-08-03T08:37:54","date_gmt":"2020-08-03T08:37:54","guid":{"rendered":"http:\/\/hellelundgreen.dk\/?page_id=6"},"modified":"2024-10-18T12:21:22","modified_gmt":"2024-10-18T12:21:22","slug":"prisliste","status":"publish","type":"page","link":"https:\/\/hellelundgreen.dk\/?page_id=6","title":{"rendered":"Prisliste"},"content":{"rendered":"\n<figure class=\"wp-block-image size-large is-resized\"><img loading=\"lazy\" decoding=\"async\" src=\"http:\/\/hellelundgreen.dk\/wp-content\/uploads\/2020\/08\/Banner-lille-8-1024x13.jpg\" alt=\"\" class=\"wp-image-134\" width=\"674\" height=\"8\" srcset=\"https:\/\/hellelundgreen.dk\/wp-content\/uploads\/2020\/08\/Banner-lille-8-1024x13.jpg 1024w, https:\/\/hellelundgreen.dk\/wp-content\/uploads\/2020\/08\/Banner-lille-8-300x4.jpg 300w, https:\/\/hellelundgreen.dk\/wp-content\/uploads\/2020\/08\/Banner-lille-8-768x9.jpg 768w, https:\/\/hellelundgreen.dk\/wp-content\/uploads\/2020\/08\/Banner-lille-8-1536x19.jpg 1536w, https:\/\/hellelundgreen.dk\/wp-content\/uploads\/2020\/08\/Banner-lille-8-2048x25.jpg 2048w\" sizes=\"auto, (max-width: 674px) 100vw, 674px\" \/><\/figure>\n\n\n\n<p>Pris pr. time: <strong>850 kr<\/strong>. *) se nederst p\u00e5 siden &#8211; som altid betales forud enten via bankoverf\u00f8rsel eller Mobil Pay &#8211; du f\u00e5r en faktura via mail.<br>Som udgangspunkt klares alt over telefon og mail. Hvis vi et sj\u00e6ldent tilf\u00e6lde skal m\u00f8des aftales udgifter til  k\u00f8rsel og k\u00f8retid individuelt.<\/p>\n\n\n\n<figure class=\"wp-block-image size-large is-resized\"><img loading=\"lazy\" decoding=\"async\" src=\"http:\/\/hellelundgreen.dk\/wp-content\/uploads\/2020\/08\/Banner-lille-1024x13.jpg\" alt=\"\" class=\"wp-image-126\" width=\"674\" height=\"8\" srcset=\"https:\/\/hellelundgreen.dk\/wp-content\/uploads\/2020\/08\/Banner-lille-1024x13.jpg 1024w, https:\/\/hellelundgreen.dk\/wp-content\/uploads\/2020\/08\/Banner-lille-300x4.jpg 300w, https:\/\/hellelundgreen.dk\/wp-content\/uploads\/2020\/08\/Banner-lille-768x9.jpg 768w, https:\/\/hellelundgreen.dk\/wp-content\/uploads\/2020\/08\/Banner-lille-1536x19.jpg 1536w, https:\/\/hellelundgreen.dk\/wp-content\/uploads\/2020\/08\/Banner-lille-2048x25.jpg 2048w\" sizes=\"auto, (max-width: 674px) 100vw, 674px\" \/><\/figure>\n\n\n\n<p>Ring eller skriv &#8211; det koster ikke noget &#8211; jeg giver dig gerne et godt r\u00e5d, men skal jeg hj\u00e6lpe dig videre, s\u00e5 koster en efterf\u00f8lgende telefonsparring <strong>500 kr. *)<\/strong> som betales forud for samtalen.<\/p>\n\n\n\n<figure class=\"wp-block-image size-large is-resized\"><img loading=\"lazy\" decoding=\"async\" src=\"http:\/\/hellelundgreen.dk\/wp-content\/uploads\/2020\/08\/Banner-lille-1-1024x13.jpg\" alt=\"\" class=\"wp-image-127\" width=\"674\" height=\"8\" srcset=\"https:\/\/hellelundgreen.dk\/wp-content\/uploads\/2020\/08\/Banner-lille-1-1024x13.jpg 1024w, https:\/\/hellelundgreen.dk\/wp-content\/uploads\/2020\/08\/Banner-lille-1-300x4.jpg 300w, https:\/\/hellelundgreen.dk\/wp-content\/uploads\/2020\/08\/Banner-lille-1-768x9.jpg 768w, https:\/\/hellelundgreen.dk\/wp-content\/uploads\/2020\/08\/Banner-lille-1-1536x19.jpg 1536w, https:\/\/hellelundgreen.dk\/wp-content\/uploads\/2020\/08\/Banner-lille-1-2048x25.jpg 2048w\" sizes=\"auto, (max-width: 674px) 100vw, 674px\" \/><\/figure>\n\n\n\n<h2 class=\"wp-block-heading\">Gennemgang af din sag:<\/h2>\n\n\n\n<p>Gennemgang af papirsag fra pensions\/forsikringsselskab. Hvor jeg vil komme med min vurdering, om jeg, efter min bedste overbevisning mener at afg\u00f8relsen er korrekt i henhold til  forsikringsbetingelserne eller lovgivning. Inkl. telefonsamtale og diverse mails omkring sagen. Sparring om yderligere oplysninger\/belysning af sagen. <br><strong>2.500 kr.<\/strong> *) &#8211; som betales forud, og du indhenter sagen.<br><\/p>\n\n\n\n<figure class=\"wp-block-image size-large is-resized\"><img loading=\"lazy\" decoding=\"async\" src=\"http:\/\/hellelundgreen.dk\/wp-content\/uploads\/2020\/08\/Banner-lille-2-1024x13.jpg\" alt=\"\" class=\"wp-image-128\" width=\"674\" height=\"8\" srcset=\"https:\/\/hellelundgreen.dk\/wp-content\/uploads\/2020\/08\/Banner-lille-2-1024x13.jpg 1024w, https:\/\/hellelundgreen.dk\/wp-content\/uploads\/2020\/08\/Banner-lille-2-300x4.jpg 300w, https:\/\/hellelundgreen.dk\/wp-content\/uploads\/2020\/08\/Banner-lille-2-768x9.jpg 768w, https:\/\/hellelundgreen.dk\/wp-content\/uploads\/2020\/08\/Banner-lille-2-1536x19.jpg 1536w, https:\/\/hellelundgreen.dk\/wp-content\/uploads\/2020\/08\/Banner-lille-2-2048x25.jpg 2048w\" sizes=\"auto, (max-width: 674px) 100vw, 674px\" \/><\/figure>\n\n\n\n<h2 class=\"wp-block-heading\">Udarbejdelse af anmodning om genoptagelse + evt. klage:<\/h2>\n\n\n\n<p>Udarbejdelse af anmodning om genoptagelse + evt. senere klage hvis afslaget fastholdes  af pensions\/forsikringsselskab. <br><strong>4.200 kr.<\/strong> *) &#8211; som betales forud.<\/p>\n\n\n\n<figure class=\"wp-block-image size-large is-resized\"><img loading=\"lazy\" decoding=\"async\" src=\"http:\/\/hellelundgreen.dk\/wp-content\/uploads\/2020\/08\/Banner-lille-3-1024x13.jpg\" alt=\"\" class=\"wp-image-129\" width=\"674\" height=\"8\" srcset=\"https:\/\/hellelundgreen.dk\/wp-content\/uploads\/2020\/08\/Banner-lille-3-1024x13.jpg 1024w, https:\/\/hellelundgreen.dk\/wp-content\/uploads\/2020\/08\/Banner-lille-3-300x4.jpg 300w, https:\/\/hellelundgreen.dk\/wp-content\/uploads\/2020\/08\/Banner-lille-3-768x9.jpg 768w, https:\/\/hellelundgreen.dk\/wp-content\/uploads\/2020\/08\/Banner-lille-3-1536x19.jpg 1536w, https:\/\/hellelundgreen.dk\/wp-content\/uploads\/2020\/08\/Banner-lille-3-2048x25.jpg 2048w\" sizes=\"auto, (max-width: 674px) 100vw, 674px\" \/><\/figure>\n\n\n\n<h2 class=\"wp-block-heading\">Social\/forsikrings r\u00e5dgivning, mens din sag k\u00f8rer:<\/h2>\n\n\n\n<p>Ring til mig, og vi aftaler en pris med rabat &#8211; som betales forud, eller du kan k\u00f8be et klippekort &#8211; <a href=\"http:\/\/hellelundgreen.dk\/?page_id=209\">se mere her<\/a>.<\/p>\n\n\n\n<figure class=\"wp-block-image size-large is-resized\"><img loading=\"lazy\" decoding=\"async\" src=\"http:\/\/hellelundgreen.dk\/wp-content\/uploads\/2020\/08\/Banner-lille-7-1024x13.jpg\" alt=\"\" class=\"wp-image-133\" width=\"674\" height=\"8\" srcset=\"https:\/\/hellelundgreen.dk\/wp-content\/uploads\/2020\/08\/Banner-lille-7-1024x13.jpg 1024w, https:\/\/hellelundgreen.dk\/wp-content\/uploads\/2020\/08\/Banner-lille-7-300x4.jpg 300w, https:\/\/hellelundgreen.dk\/wp-content\/uploads\/2020\/08\/Banner-lille-7-768x9.jpg 768w, https:\/\/hellelundgreen.dk\/wp-content\/uploads\/2020\/08\/Banner-lille-7-1536x19.jpg 1536w, https:\/\/hellelundgreen.dk\/wp-content\/uploads\/2020\/08\/Banner-lille-7-2048x25.jpg 2048w\" sizes=\"auto, (max-width: 674px) 100vw, 674px\" \/><\/figure>\n\n\n\n<p>Er du i tvivl  om, jeg kan hj\u00e6lpe dig &#8211; s\u00e5 ring til mig p\u00e5 telefon 40538466.<\/p>\n\n\n\n<figure class=\"wp-block-image size-large is-resized\"><img loading=\"lazy\" decoding=\"async\" src=\"http:\/\/hellelundgreen.dk\/wp-content\/uploads\/2020\/08\/Banner-lille-4-1024x13.jpg\" alt=\"\" class=\"wp-image-130\" width=\"674\" height=\"8\" srcset=\"https:\/\/hellelundgreen.dk\/wp-content\/uploads\/2020\/08\/Banner-lille-4-1024x13.jpg 1024w, https:\/\/hellelundgreen.dk\/wp-content\/uploads\/2020\/08\/Banner-lille-4-300x4.jpg 300w, https:\/\/hellelundgreen.dk\/wp-content\/uploads\/2020\/08\/Banner-lille-4-768x9.jpg 768w, https:\/\/hellelundgreen.dk\/wp-content\/uploads\/2020\/08\/Banner-lille-4-1536x19.jpg 1536w, https:\/\/hellelundgreen.dk\/wp-content\/uploads\/2020\/08\/Banner-lille-4-2048x25.jpg 2048w\" sizes=\"auto, (max-width: 674px) 100vw, 674px\" \/><figcaption><strong>*) alle priser er inkl. moms og g\u00e6lder kun private kunder<\/strong><\/figcaption><\/figure>\n\n\n\n<p><\/p>\n","protected":false},"excerpt":{"rendered":"<p>Pris pr. time: 850 kr. *) se nederst p\u00e5 siden &#8211; som altid betales forud enten via bankoverf\u00f8rsel eller Mobil Pay &#8211; du f\u00e5r en faktura via mail.Som udgangspunkt klares alt over telefon og mail. Hvis vi et sj\u00e6ldent tilf\u00e6lde skal m\u00f8des aftales udgifter til k\u00f8rsel og k\u00f8retid individuelt. Ring eller skriv &#8211; det koster &hellip; <\/p>\n<p class=\"link-more\"><a href=\"https:\/\/hellelundgreen.dk\/?page_id=6\" class=\"more-link\">L\u00e6s videre<span class=\"screen-reader-text\"> &#8220;Prisliste&#8221;<\/span><\/a><\/p>\n","protected":false},"author":1,"featured_media":0,"parent":0,"menu_order":0,"comment_status":"closed","ping_status":"closed","template":"","meta":{"footnotes":""},"class_list":["post-6","page","type-page","status-publish","hentry"],"_links":{"self":[{"href":"https:\/\/hellelundgreen.dk\/index.php?rest_route=\/wp\/v2\/pages\/6","targetHints":{"allow":["GET"]}}],"collection":[{"href":"https:\/\/hellelundgreen.dk\/index.php?rest_route=\/wp\/v2\/pages"}],"about":[{"href":"https:\/\/hellelundgreen.dk\/index.php?rest_route=\/wp\/v2\/types\/page"}],"author":[{"embeddable":true,"href":"https:\/\/hellelundgreen.dk\/index.php?rest_route=\/wp\/v2\/users\/1"}],"replies":[{"embeddable":true,"href":"https:\/\/hellelundgreen.dk\/index.php?rest_route=%2Fwp%2Fv2%2Fcomments&post=6"}],"version-history":[{"count":26,"href":"https:\/\/hellelundgreen.dk\/index.php?rest_route=\/wp\/v2\/pages\/6\/revisions"}],"predecessor-version":[{"id":292,"href":"https:\/\/hellelundgreen.dk\/index.php?rest_route=\/wp\/v2\/pages\/6\/revisions\/292"}],"wp:attachment":[{"href":"https:\/\/hellelundgreen.dk\/index.php?rest_route=%2Fwp%2Fv2%2Fmedia&parent=6"}],"curies":[{"name":"wp","href":"https:\/\/api.w.org\/{rel}","templated":true}]}}